{"id":5,"date":"2024-06-19T15:07:00","date_gmt":"2024-06-19T13:07:00","guid":{"rendered":"https:\/\/www.linexsk.eu\/?page_id=5"},"modified":"2025-01-30T13:04:42","modified_gmt":"2025-01-30T12:04:42","slug":"linex-slovakia-s-r-o","status":"publish","type":"page","link":"https:\/\/www.linexsk.eu\/","title":{"rendered":"O n\u00e1s"},"content":{"rendered":"\n<p>Sme obchodn\u00e1 spolo\u010dnos\u0165, ktor\u00e1 nakupuje stroj\u00e1rske v\u00fdrobky.<\/p>\n\n\n\n<p>M\u00e1me viac ako 15-ro\u010dn\u00fa hist\u00f3riu \u00faspe\u0161nej spolupr\u00e1ce s na\u0161imi obchodn\u00fdmi partnermi. Vy\u0165a\u017eujme v\u00fdrobn\u00e9 kapacity vo v\u0161etk\u00fdch oblastiach v\u00fdroby.<\/p>\n\n\n\n<p>Hlavn\u00e1 \u010das\u0165 je kusov\u00e1 v\u00fdroba a malo-s\u00e9riov\u00e1 v\u00fdroba. \u010cas\u0165 n\u00e1\u0161ho portf\u00f3lia tvor\u00ed aj s\u00e9riov\u00e1 v\u00fdroba.<\/p>\n\n\n\n<ul class=\"wp-block-list\">\n<li>fr\u00e9zovanie (klasick\u00e9 aj cnc)<\/li>\n\n\n\n<li>s\u00fastru\u017eenie (klasick\u00e9 aj cnc)<\/li>\n\n\n\n<li>z\u00e1mo\u010dn\u00edcke v\u00fdrobky<\/li>\n<\/ul>\n\n\n\n<p><\/p>\n","protected":false},"excerpt":{"rendered":"<p>Sme obchodn\u00e1 spolo\u010dnos\u0165, ktor\u00e1 nakupuje stroj\u00e1rske v\u00fdrobky. M\u00e1me viac ako 15-ro\u010dn\u00fa hist\u00f3riu \u00faspe\u0161nej spolupr\u00e1ce s na\u0161imi obchodn\u00fdmi partnermi. Vy\u0165a\u017eujme v\u00fdrobn\u00e9 kapacity vo v\u0161etk\u00fdch oblastiach v\u00fdroby. Hlavn\u00e1 \u010das\u0165 je kusov\u00e1 v\u00fdroba a malo-s\u00e9riov\u00e1 v\u00fdroba. \u010cas\u0165 n\u00e1\u0161ho portf\u00f3lia tvor\u00ed aj s\u00e9riov\u00e1 v\u00fdroba.<\/p>\n","protected":false},"author":1,"featured_media":0,"parent":0,"menu_order":1,"comment_status":"closed","ping_status":"closed","template":"","meta":{"_monsterinsights_skip_tracking":false,"_monsterinsights_sitenote_active":false,"_monsterinsights_sitenote_note":"","_monsterinsights_sitenote_category":0,"footnotes":""},"class_list":["post-5","page","type-page","status-publish"],"yoast_head":"<!-- This site is optimized with the Yoast SEO plugin v22.9 - https:\/\/yoast.com\/wordpress\/plugins\/seo\/ -->\n<title>O n\u00e1s - LinEx Slovakia s.r.o.<\/title>\n<meta name=\"robots\" content=\"index, follow, max-snippet:-1, max-image-preview:large, max-video-preview:-1\" \/>\n<link rel=\"canonical\" href=\"https:\/\/www.linexsk.eu\/\" \/>\n<meta property=\"og:locale\" content=\"sk_SK\" \/>\n<meta property=\"og:type\" content=\"article\" \/>\n<meta property=\"og:title\" content=\"O n\u00e1s - LinEx Slovakia s.r.o.\" \/>\n<meta property=\"og:description\" content=\"Sme obchodn\u00e1 spolo\u010dnos\u0165, ktor\u00e1 nakupuje stroj\u00e1rske v\u00fdrobky. M\u00e1me viac ako 15-ro\u010dn\u00fa hist\u00f3riu \u00faspe\u0161nej spolupr\u00e1ce s na\u0161imi obchodn\u00fdmi partnermi. Vy\u0165a\u017eujme v\u00fdrobn\u00e9 kapacity vo v\u0161etk\u00fdch oblastiach v\u00fdroby. Hlavn\u00e1 \u010das\u0165 je kusov\u00e1 v\u00fdroba a malo-s\u00e9riov\u00e1 v\u00fdroba. \u010cas\u0165 n\u00e1\u0161ho portf\u00f3lia tvor\u00ed aj s\u00e9riov\u00e1 v\u00fdroba.\" \/>\n<meta property=\"og:url\" content=\"https:\/\/www.linexsk.eu\/\" \/>\n<meta property=\"og:site_name\" content=\"LinEx Slovakia s.r.o.\" \/>\n<meta property=\"article:modified_time\" content=\"2025-01-30T12:04:42+00:00\" \/>\n<meta name=\"twitter:card\" content=\"summary_large_image\" \/>\n<meta name=\"twitter:label1\" content=\"Predpokladan\u00fd \u010das \u010d\u00edtania\" \/>\n\t<meta name=\"twitter:data1\" content=\"1 min\u00fata\" \/>\n<script type=\"application\/ld+json\" class=\"yoast-schema-graph\">{\"@context\":\"https:\/\/schema.org\",\"@graph\":[{\"@type\":\"WebPage\",\"@id\":\"https:\/\/www.linexsk.eu\/\",\"url\":\"https:\/\/www.linexsk.eu\/\",\"name\":\"O n\u00e1s - LinEx Slovakia s.r.o.\",\"isPartOf\":{\"@id\":\"https:\/\/www.linexsk.eu\/#website\"},\"datePublished\":\"2024-06-19T13:07:00+00:00\",\"dateModified\":\"2025-01-30T12:04:42+00:00\",\"breadcrumb\":{\"@id\":\"https:\/\/www.linexsk.eu\/#breadcrumb\"},\"inLanguage\":\"sk-SK\",\"potentialAction\":[{\"@type\":\"ReadAction\",\"target\":[\"https:\/\/www.linexsk.eu\/\"]}]},{\"@type\":\"BreadcrumbList\",\"@id\":\"https:\/\/www.linexsk.eu\/#breadcrumb\",\"itemListElement\":[{\"@type\":\"ListItem\",\"position\":1,\"name\":\"Home\",\"item\":\"https:\/\/www.linexsk.eu\/\"},{\"@type\":\"ListItem\",\"position\":2,\"name\":\"O n\u00e1s\"}]},{\"@type\":\"WebSite\",\"@id\":\"https:\/\/www.linexsk.eu\/#website\",\"url\":\"https:\/\/www.linexsk.eu\/\",\"name\":\"LinEx Slovakia s.r.o.\",\"description\":\"\",\"potentialAction\":[{\"@type\":\"SearchAction\",\"target\":{\"@type\":\"EntryPoint\",\"urlTemplate\":\"https:\/\/www.linexsk.eu\/?s={search_term_string}\"},\"query-input\":\"required name=search_term_string\"}],\"inLanguage\":\"sk-SK\"}]}<\/script>\n<!-- \/ Yoast SEO plugin. -->","yoast_head_json":{"title":"O n\u00e1s - LinEx Slovakia s.r.o.","robots":{"index":"index","follow":"follow","max-snippet":"max-snippet:-1","max-image-preview":"max-image-preview:large","max-video-preview":"max-video-preview:-1"},"canonical":"https:\/\/www.linexsk.eu\/","og_locale":"sk_SK","og_type":"article","og_title":"O n\u00e1s - LinEx Slovakia s.r.o.","og_description":"Sme obchodn\u00e1 spolo\u010dnos\u0165, ktor\u00e1 nakupuje stroj\u00e1rske v\u00fdrobky. M\u00e1me viac ako 15-ro\u010dn\u00fa hist\u00f3riu \u00faspe\u0161nej spolupr\u00e1ce s na\u0161imi obchodn\u00fdmi partnermi. Vy\u0165a\u017eujme v\u00fdrobn\u00e9 kapacity vo v\u0161etk\u00fdch oblastiach v\u00fdroby. Hlavn\u00e1 \u010das\u0165 je kusov\u00e1 v\u00fdroba a malo-s\u00e9riov\u00e1 v\u00fdroba. \u010cas\u0165 n\u00e1\u0161ho portf\u00f3lia tvor\u00ed aj s\u00e9riov\u00e1 v\u00fdroba.","og_url":"https:\/\/www.linexsk.eu\/","og_site_name":"LinEx Slovakia s.r.o.","article_modified_time":"2025-01-30T12:04:42+00:00","twitter_card":"summary_large_image","twitter_misc":{"Predpokladan\u00fd \u010das \u010d\u00edtania":"1 min\u00fata"},"schema":{"@context":"https:\/\/schema.org","@graph":[{"@type":"WebPage","@id":"https:\/\/www.linexsk.eu\/","url":"https:\/\/www.linexsk.eu\/","name":"O n\u00e1s - LinEx Slovakia s.r.o.","isPartOf":{"@id":"https:\/\/www.linexsk.eu\/#website"},"datePublished":"2024-06-19T13:07:00+00:00","dateModified":"2025-01-30T12:04:42+00:00","breadcrumb":{"@id":"https:\/\/www.linexsk.eu\/#breadcrumb"},"inLanguage":"sk-SK","potentialAction":[{"@type":"ReadAction","target":["https:\/\/www.linexsk.eu\/"]}]},{"@type":"BreadcrumbList","@id":"https:\/\/www.linexsk.eu\/#breadcrumb","itemListElement":[{"@type":"ListItem","position":1,"name":"Home","item":"https:\/\/www.linexsk.eu\/"},{"@type":"ListItem","position":2,"name":"O n\u00e1s"}]},{"@type":"WebSite","@id":"https:\/\/www.linexsk.eu\/#website","url":"https:\/\/www.linexsk.eu\/","name":"LinEx Slovakia s.r.o.","description":"","potentialAction":[{"@type":"SearchAction","target":{"@type":"EntryPoint","urlTemplate":"https:\/\/www.linexsk.eu\/?s={search_term_string}"},"query-input":"required name=search_term_string"}],"inLanguage":"sk-SK"}]}},"_links":{"self":[{"href":"https:\/\/www.linexsk.eu\/index.php?rest_route=\/wp\/v2\/pages\/5","targetHints":{"allow":["GET"]}}],"collection":[{"href":"https:\/\/www.linexsk.eu\/index.php?rest_route=\/wp\/v2\/pages"}],"about":[{"href":"https:\/\/www.linexsk.eu\/index.php?rest_route=\/wp\/v2\/types\/page"}],"author":[{"embeddable":true,"href":"https:\/\/www.linexsk.eu\/index.php?rest_route=\/wp\/v2\/users\/1"}],"replies":[{"embeddable":true,"href":"https:\/\/www.linexsk.eu\/index.php?rest_route=%2Fwp%2Fv2%2Fcomments&post=5"}],"version-history":[{"count":5,"href":"https:\/\/www.linexsk.eu\/index.php?rest_route=\/wp\/v2\/pages\/5\/revisions"}],"predecessor-version":[{"id":50,"href":"https:\/\/www.linexsk.eu\/index.php?rest_route=\/wp\/v2\/pages\/5\/revisions\/50"}],"wp:attachment":[{"href":"https:\/\/www.linexsk.eu\/index.php?rest_route=%2Fwp%2Fv2%2Fmedia&parent=5"}],"curies":[{"name":"wp","href":"https:\/\/api.w.org\/{rel}","templated":true}]}}